{"id":2092,"date":"2025-12-22T08:20:51","date_gmt":"2025-12-22T08:20:51","guid":{"rendered":"http:\/\/localhost\/jellybim\/?page_id=2092"},"modified":"2026-02-12T06:54:27","modified_gmt":"2026-02-12T06:54:27","slug":"bim-gem-sip","status":"publish","type":"page","link":"https:\/\/www.jellybim.com\/index.php\/bim-gem-sip\/","title":{"rendered":"BIM GEM &#038; SIP"},"content":{"rendered":"\t\t<div data-elementor-type=\"wp-page\" data-elementor-id=\"2092\" class=\"elementor elementor-2092\" data-elementor-post-type=\"page\">\n\t\t\t\t<div class=\"elementor-element elementor-element-761a728 e-flex e-con-boxed wpr-particle-no wpr-jarallax-no wpr-parallax-no wpr-sticky-section-no e-con e-parent\" data-id=\"761a728\" data-element_type=\"container\" data-settings=\"{&quot;background_background&quot;:&quot;slideshow&quot;,&quot;background_slideshow_gallery&quot;:[{&quot;id&quot;:2149,&quot;url&quot;:&quot;https:\\\/\\\/www.jellybim.com\\\/wp-content\\\/uploads\\\/2025\\\/12\\\/Capture-de\\u0301cran-2025-12-22-a\\u0300-14.53.54.png&quot;}],&quot;background_slideshow_loop&quot;:&quot;yes&quot;,&quot;background_slideshow_slide_duration&quot;:5000,&quot;background_slideshow_slide_transition&quot;:&quot;fade&quot;,&quot;background_slideshow_transition_duration&quot;:500}\">\n\t\t\t\t\t<div class=\"e-con-inner\">\n\t\t\t\t<div class=\"elementor-element elementor-element-d253cf2 elementor-widget__width-inherit elementor-invisible elementor-widget elementor-widget-heading\" data-id=\"d253cf2\" data-element_type=\"widget\" data-settings=\"{&quot;_animation&quot;:&quot;fadeInRight&quot;}\" data-widget_type=\"heading.default\">\n\t\t\t\t<div class=\"elementor-widget-container\">\n\t\t\t<style>\/*! elementor - v3.23.0 - 05-08-2024 *\/\n.elementor-heading-title{padding:0;margin:0;line-height:1}.elementor-widget-heading .elementor-heading-title[class*=elementor-size-]>a{color:inherit;font-size:inherit;line-height:inherit}.elementor-widget-heading .elementor-heading-title.elementor-size-small{font-size:15px}.elementor-widget-heading .elementor-heading-title.elementor-size-medium{font-size:19px}.elementor-widget-heading .elementor-heading-title.elementor-size-large{font-size:29px}.elementor-widget-heading .elementor-heading-title.elementor-size-xl{font-size:39px}.elementor-widget-heading .elementor-heading-title.elementor-size-xxl{font-size:59px}<\/style><h2 class=\"elementor-heading-title elementor-size-default\">BIM GEM & SIP : L'Intelligence au service de l'Exploitation<\/h2>\t\t<\/div>\n\t\t\t\t<\/div>\n\t\t\t\t\t<\/div>\n\t\t\t\t<\/div>\n\t\t<div class=\"elementor-element elementor-element-bb759a4 e-flex e-con-boxed wpr-particle-no wpr-jarallax-no wpr-parallax-no wpr-sticky-section-no e-con e-parent\" data-id=\"bb759a4\" data-element_type=\"container\" data-settings=\"{&quot;background_background&quot;:&quot;classic&quot;}\">\n\t\t\t\t\t<div class=\"e-con-inner\">\n\t\t\t\t<div class=\"elementor-element elementor-element-9512527 elementor-widget elementor-widget-spacer\" data-id=\"9512527\" data-element_type=\"widget\" data-widget_type=\"spacer.default\">\n\t\t\t\t<div class=\"elementor-widget-container\">\n\t\t\t<style>\/*! elementor - v3.23.0 - 05-08-2024 *\/\n.elementor-column .elementor-spacer-inner{height:var(--spacer-size)}.e-con{--container-widget-width:100%}.e-con-inner>.elementor-widget-spacer,.e-con>.elementor-widget-spacer{width:var(--container-widget-width,var(--spacer-size));--align-self:var(--container-widget-align-self,initial);--flex-shrink:0}.e-con-inner>.elementor-widget-spacer>.elementor-widget-container,.e-con>.elementor-widget-spacer>.elementor-widget-container{height:100%;width:100%}.e-con-inner>.elementor-widget-spacer>.elementor-widget-container>.elementor-spacer,.e-con>.elementor-widget-spacer>.elementor-widget-container>.elementor-spacer{height:100%}.e-con-inner>.elementor-widget-spacer>.elementor-widget-container>.elementor-spacer>.elementor-spacer-inner,.e-con>.elementor-widget-spacer>.elementor-widget-container>.elementor-spacer>.elementor-spacer-inner{height:var(--container-widget-height,var(--spacer-size))}.e-con-inner>.elementor-widget-spacer.elementor-widget-empty,.e-con>.elementor-widget-spacer.elementor-widget-empty{position:relative;min-height:22px;min-width:22px}.e-con-inner>.elementor-widget-spacer.elementor-widget-empty .elementor-widget-empty-icon,.e-con>.elementor-widget-spacer.elementor-widget-empty .elementor-widget-empty-icon{position:absolute;top:0;bottom:0;left:0;right:0;margin:auto;padding:0;width:22px;height:22px}<\/style>\t\t<div class=\"elementor-spacer\">\n\t\t\t<div class=\"elementor-spacer-inner\"><\/div>\n\t\t<\/div>\n\t\t\t\t<\/div>\n\t\t\t\t<\/div>\n\t\t\t\t<div class=\"elementor-element elementor-element-797e908 elementor-invisible elementor-widget elementor-widget-heading\" data-id=\"797e908\" data-element_type=\"widget\" data-settings=\"{&quot;_animation&quot;:&quot;fadeInLeft&quot;}\" data-widget_type=\"heading.default\">\n\t\t\t\t<div class=\"elementor-widget-container\">\n\t\t\t<h2 class=\"elementor-heading-title elementor-size-default\">Ne laissez pas votre maquette mourir \u00e0 la livraison. Transformez-la en un outil de gestion performant.<\/h2>\t\t<\/div>\n\t\t\t\t<\/div>\n\t\t\t\t<div class=\"elementor-element elementor-element-2d7bbec elementor-widget elementor-widget-spacer\" data-id=\"2d7bbec\" data-element_type=\"widget\" data-widget_type=\"spacer.default\">\n\t\t\t\t<div class=\"elementor-widget-container\">\n\t\t\t\t\t<div class=\"elementor-spacer\">\n\t\t\t<div class=\"elementor-spacer-inner\"><\/div>\n\t\t<\/div>\n\t\t\t\t<\/div>\n\t\t\t\t<\/div>\n\t\t\t\t\t<\/div>\n\t\t\t\t<\/div>\n\t\t<div class=\"elementor-element elementor-element-a36aed3 e-flex e-con-boxed wpr-particle-no wpr-jarallax-no wpr-parallax-no wpr-sticky-section-no e-con e-parent\" data-id=\"a36aed3\" data-element_type=\"container\" data-settings=\"{&quot;background_background&quot;:&quot;gradient&quot;}\">\n\t\t\t\t\t<div class=\"e-con-inner\">\n\t\t\t\t<div class=\"elementor-element elementor-element-f00210e elementor-widget elementor-widget-spacer\" data-id=\"f00210e\" data-element_type=\"widget\" data-widget_type=\"spacer.default\">\n\t\t\t\t<div class=\"elementor-widget-container\">\n\t\t\t\t\t<div class=\"elementor-spacer\">\n\t\t\t<div class=\"elementor-spacer-inner\"><\/div>\n\t\t<\/div>\n\t\t\t\t<\/div>\n\t\t\t\t<\/div>\n\t\t\t\t<div class=\"elementor-element elementor-element-c50378c elementor-invisible elementor-widget elementor-widget-text-editor\" data-id=\"c50378c\" data-element_type=\"widget\" data-settings=\"{&quot;_animation&quot;:&quot;fadeInLeft&quot;}\" data-widget_type=\"text-editor.default\">\n\t\t\t\t<div class=\"elementor-widget-container\">\n\t\t\t<style>\/*! elementor - v3.23.0 - 05-08-2024 *\/\n.elementor-widget-text-editor.elementor-drop-cap-view-stacked .elementor-drop-cap{background-color:#69727d;color:#fff}.elementor-widget-text-editor.elementor-drop-cap-view-framed .elementor-drop-cap{color:#69727d;border:3px solid;background-color:transparent}.elementor-widget-text-editor:not(.elementor-drop-cap-view-default) .elementor-drop-cap{margin-top:8px}.elementor-widget-text-editor:not(.elementor-drop-cap-view-default) .elementor-drop-cap-letter{width:1em;height:1em}.elementor-widget-text-editor .elementor-drop-cap{float:left;text-align:center;line-height:1;font-size:50px}.elementor-widget-text-editor .elementor-drop-cap-letter{display:inline-block}<\/style>\t\t\t\t<p class=\"cvGsUA direction-ltr align-start para-style-body\"><span class=\"a_GcMg font-feature-liga-off font-feature-clig-off font-feature-calt-off text-decoration-none text-strikethrough-none\">Le BIM ne s&#8217;arr\u00eate pas \u00e0 la remise des cl\u00e9s. Nous transformons votre Dossier d&#8217;Ouvrage Ex\u00e9cut\u00e9 (DOE) num\u00e9rique en un v\u00e9ritable <\/span><span class=\"a_GcMg font-feature-liga-off font-feature-clig-off font-feature-calt-off text-decoration-none text-strikethrough-none\">Syst\u00e8me d\u2019Information du Patrimoine (SIP<\/span><span class=\"a_GcMg font-feature-liga-off font-feature-clig-off font-feature-calt-off text-decoration-none text-strikethrough-none\">).<\/span><\/p><p class=\"cvGsUA direction-ltr align-start para-style-body\"><span class=\"a_GcMg font-feature-liga-off font-feature-clig-off font-feature-calt-off text-decoration-none text-strikethrough-none\"><strong>Notre objectif :<\/strong> mettre la donn\u00e9e technique au service de ceux qui font vivre le b\u00e2timent au quotidien.<\/span><\/p><p class=\"cvGsUA direction-ltr align-start para-style-body\"><strong><span class=\"a_GcMg font-feature-liga-off font-feature-clig-off font-feature-calt-off text-decoration-none text-strikethrough-none\">Nos Solutions sur mesure<\/span><\/strong><\/p><ul><li><span class=\"a_GcMg font-feature-liga-off font-feature-clig-off font-feature-calt-off text-decoration-none text-strikethrough-none\">BIM GEM \u00c9volutif <\/span><span class=\"a_GcMg font-feature-liga-off font-feature-clig-off font-feature-calt-off text-decoration-none text-strikethrough-none\">: Nous d\u00e9ployons des solutions de Gestion-Exploitation-Maintenance pas \u00e0 pas. Nous ne vous imposons pas un logiciel complexe, nous construisons avec vous une strat\u00e9gie adapt\u00e9e \u00e0 votre maturit\u00e9 num\u00e9rique et \u00e0 vos besoins r\u00e9els.<\/span><\/li><\/ul><ul><li><span class=\"a_GcMg font-feature-liga-off font-feature-clig-off font-feature-calt-off text-decoration-none text-strikethrough-none\">Syst\u00e8me d\u2019Information du Patrimoine (SIP)<\/span><span class=\"a_GcMg font-feature-liga-off font-feature-clig-off font-feature-calt-off text-decoration-none text-strikethrough-none\"> : Nous centralisons l&#8217;ensemble de vos donn\u00e9es techniques (fiches produits, garanties, plans, historiques) au sein de la maquette pour une vision 360\u00b0 de vos actifs.<\/span><\/li><\/ul><ul><li><span class=\"a_GcMg font-feature-liga-off font-feature-clig-off font-feature-calt-off text-decoration-none text-strikethrough-none\">Applications M\u00e9tier Personnalis\u00e9es <\/span><span class=\"a_GcMg font-feature-liga-off font-feature-clig-off font-feature-calt-off text-decoration-none text-strikethrough-none\">: Nous cr\u00e9ons des interfaces adapt\u00e9es \u00e0 vos besoins sur PC, tablettes et smartphones. Vos techniciens acc\u00e8dent aux informations critiques (vannes d&#8217;arr\u00eat, r\u00e9f\u00e9rences de filtres, sch\u00e9mas \u00e9lectriques) directement sur le terrain.<\/span><\/li><\/ul><ul><li><span class=\"a_GcMg font-feature-liga-off font-feature-clig-off font-feature-calt-off text-decoration-none text-strikethrough-none\">Accompagnement de l&#8217;Exploitant<\/span><span class=\"a_GcMg font-feature-liga-off font-feature-clig-off font-feature-calt-off text-decoration-none text-strikethrough-none\"> : Nous formons vos \u00e9quipes \u00e0 l&#8217;utilisation du jumeau num\u00e9rique pour que le BIM devienne un r\u00e9flexe quotidien, simplifiant la maintenance pr\u00e9ventive et curative.<\/span><\/li><\/ul><p class=\"cvGsUA direction-ltr align-start para-style-body\"><strong><span class=\"a_GcMg font-feature-liga-off font-feature-clig-off font-feature-calt-off text-decoration-none text-strikethrough-none\">Les b\u00e9n\u00e9fices d&#8217;un patrimoine digitalis\u00e9<\/span><\/strong><\/p><p class=\"cvGsUA direction-ltr align-start para-style-body\"><span class=\"a_GcMg font-feature-liga-off font-feature-clig-off font-feature-calt-off text-decoration-none text-strikethrough-none\">Pour le Gestionnaire : <\/span><span class=\"a_GcMg font-feature-liga-off font-feature-clig-off font-feature-calt-off text-decoration-none text-strikethrough-none\">Ma\u00eetrise des co\u00fbts <\/span><span class=\"a_GcMg font-feature-liga-off font-feature-clig-off font-feature-calt-off text-decoration-none text-strikethrough-none\">de maintenance et d&#8217;\u00e9nergie, <\/span><span class=\"a_GcMg font-feature-liga-off font-feature-clig-off font-feature-calt-off text-decoration-none text-strikethrough-none\">Centralisation des documents <\/span><span class=\"a_GcMg font-feature-liga-off font-feature-clig-off font-feature-calt-off text-decoration-none text-strikethrough-none\">(finies les recherches en archives)<\/span><\/p><p class=\"cvGsUA direction-ltr align-start para-style-body\"><span class=\"a_GcMg font-feature-liga-off font-feature-clig-off font-feature-calt-off text-decoration-none text-strikethrough-none\">Pour le Technicien : <\/span><span class=\"a_GcMg font-feature-liga-off font-feature-clig-off font-feature-calt-off text-decoration-none text-strikethrough-none\">Acc\u00e8s instantan\u00e9<\/span><span class=\"a_GcMg font-feature-liga-off font-feature-clig-off font-feature-calt-off text-decoration-none text-strikethrough-none\"> \u00e0 l&#8217;information sur le terrain, <\/span><span class=\"a_GcMg font-feature-liga-off font-feature-clig-off font-feature-calt-off text-decoration-none text-strikethrough-none\">S\u00e9curit\u00e9 renforc\u00e9e<\/span><span class=\"a_GcMg font-feature-liga-off font-feature-clig-off font-feature-calt-off text-decoration-none text-strikethrough-none\"> avant intervention (rep\u00e9rage pr\u00e9cis)<\/span><\/p><p class=\"cvGsUA direction-ltr align-start para-style-body\"><span class=\"a_GcMg font-feature-liga-off font-feature-clig-off font-feature-calt-off text-decoration-none text-strikethrough-none\">Pour le Propri\u00e9taire :\u00a0 <\/span><span class=\"a_GcMg font-feature-liga-off font-feature-clig-off font-feature-calt-off text-decoration-none text-strikethrough-none\">Valorisation de l&#8217;actif <\/span><span class=\"a_GcMg font-feature-liga-off font-feature-clig-off font-feature-calt-off text-decoration-none text-strikethrough-none\">immobilier (Jumeau Num\u00e9rique), <\/span><span class=\"a_GcMg font-feature-liga-off font-feature-clig-off font-feature-calt-off text-decoration-none text-strikethrough-none\">Anticipation des gros travaux<\/span><span class=\"a_GcMg font-feature-liga-off font-feature-clig-off font-feature-calt-off text-decoration-none text-strikethrough-none\"> (GER) facilit\u00e9e.<\/span><\/p><p class=\"cvGsUA direction-ltr align-start para-style-body\"><span class=\"a_GcMg font-feature-liga-off font-feature-clig-off font-feature-calt-off text-decoration-none text-strikethrough-none\">&#8220;Nous ne livrons pas seulement un b\u00e2timent num\u00e9rique, nous livrons une solution de pilotage intuitive qui vous donne une longueur d&#8217;avance sur la gestion de votre patrimoine.&#8221;<\/span><\/p>\t\t\t\t\t\t<\/div>\n\t\t\t\t<\/div>\n\t\t\t\t<div class=\"elementor-element elementor-element-2f48965 elementor-widget elementor-widget-spacer\" data-id=\"2f48965\" data-element_type=\"widget\" data-widget_type=\"spacer.default\">\n\t\t\t\t<div class=\"elementor-widget-container\">\n\t\t\t\t\t<div class=\"elementor-spacer\">\n\t\t\t<div class=\"elementor-spacer-inner\"><\/div>\n\t\t<\/div>\n\t\t\t\t<\/div>\n\t\t\t\t<\/div>\n\t\t\t\t\t<\/div>\n\t\t\t\t<\/div>\n\t\t<div class=\"elementor-element elementor-element-2174105 e-flex e-con-boxed wpr-particle-no wpr-jarallax-no wpr-parallax-no wpr-sticky-section-no e-con e-parent\" data-id=\"2174105\" data-element_type=\"container\">\n\t\t\t\t\t<div class=\"e-con-inner\">\n\t\t<div class=\"elementor-element elementor-element-8df9476 e-con-full e-flex wpr-particle-no wpr-jarallax-no wpr-parallax-no wpr-sticky-section-no e-con e-child\" data-id=\"8df9476\" data-element_type=\"container\">\n\t\t\t\t<div class=\"elementor-element elementor-element-f13746a elementor-widget elementor-widget-spacer\" data-id=\"f13746a\" data-element_type=\"widget\" data-widget_type=\"spacer.default\">\n\t\t\t\t<div class=\"elementor-widget-container\">\n\t\t\t\t\t<div class=\"elementor-spacer\">\n\t\t\t<div class=\"elementor-spacer-inner\"><\/div>\n\t\t<\/div>\n\t\t\t\t<\/div>\n\t\t\t\t<\/div>\n\t\t\t\t<div class=\"elementor-element elementor-element-56bf2f3 elementor-widget elementor-widget-image\" data-id=\"56bf2f3\" data-element_type=\"widget\" data-widget_type=\"image.default\">\n\t\t\t\t<div class=\"elementor-widget-container\">\n\t\t\t<style>\/*! elementor - v3.23.0 - 05-08-2024 *\/\n.elementor-widget-image{text-align:center}.elementor-widget-image a{display:inline-block}.elementor-widget-image a img[src$=\".svg\"]{width:48px}.elementor-widget-image img{vertical-align:middle;display:inline-block}<\/style>\t\t\t\t\t\t\t\t\t\t<img fetchpriority=\"high\" decoding=\"async\" width=\"800\" height=\"509\" src=\"https:\/\/www.jellybim.com\/wp-content\/uploads\/2025\/12\/Capture-de\u0301cran-2025-12-22-a\u0300-14.54.10-1024x651.png\" class=\"attachment-large size-large wp-image-2148\" alt=\"\" srcset=\"https:\/\/www.jellybim.com\/wp-content\/uploads\/2025\/12\/Capture-de\u0301cran-2025-12-22-a\u0300-14.54.10-1024x651.png 1024w, https:\/\/www.jellybim.com\/wp-content\/uploads\/2025\/12\/Capture-de\u0301cran-2025-12-22-a\u0300-14.54.10-300x191.png 300w, https:\/\/www.jellybim.com\/wp-content\/uploads\/2025\/12\/Capture-de\u0301cran-2025-12-22-a\u0300-14.54.10-768x489.png 768w, https:\/\/www.jellybim.com\/wp-content\/uploads\/2025\/12\/Capture-de\u0301cran-2025-12-22-a\u0300-14.54.10.png 1308w\" sizes=\"(max-width: 800px) 100vw, 800px\" \/>\t\t\t\t\t\t\t\t\t\t\t\t\t<\/div>\n\t\t\t\t<\/div>\n\t\t\t\t<\/div>\n\t\t<div class=\"elementor-element elementor-element-89e93d4 e-con-full e-flex wpr-particle-no wpr-jarallax-no wpr-parallax-no wpr-sticky-section-no e-con e-child\" data-id=\"89e93d4\" data-element_type=\"container\">\n\t\t\t\t<div class=\"elementor-element elementor-element-eb24fc1 elementor-widget elementor-widget-spacer\" data-id=\"eb24fc1\" data-element_type=\"widget\" data-widget_type=\"spacer.default\">\n\t\t\t\t<div class=\"elementor-widget-container\">\n\t\t\t\t\t<div class=\"elementor-spacer\">\n\t\t\t<div class=\"elementor-spacer-inner\"><\/div>\n\t\t<\/div>\n\t\t\t\t<\/div>\n\t\t\t\t<\/div>\n\t\t\t\t<div class=\"elementor-element elementor-element-c38dce0 elementor-widget elementor-widget-image\" data-id=\"c38dce0\" data-element_type=\"widget\" data-widget_type=\"image.default\">\n\t\t\t\t<div class=\"elementor-widget-container\">\n\t\t\t\t\t\t\t\t\t\t\t\t\t<img decoding=\"async\" width=\"800\" height=\"359\" src=\"https:\/\/www.jellybim.com\/wp-content\/uploads\/2025\/12\/Capture-de\u0301cran-2025-12-22-a\u0300-14.53.54-1024x460.png\" class=\"attachment-large size-large wp-image-2149\" alt=\"\" srcset=\"https:\/\/www.jellybim.com\/wp-content\/uploads\/2025\/12\/Capture-de\u0301cran-2025-12-22-a\u0300-14.53.54-1024x460.png 1024w, https:\/\/www.jellybim.com\/wp-content\/uploads\/2025\/12\/Capture-de\u0301cran-2025-12-22-a\u0300-14.53.54-300x135.png 300w, https:\/\/www.jellybim.com\/wp-content\/uploads\/2025\/12\/Capture-de\u0301cran-2025-12-22-a\u0300-14.53.54-768x345.png 768w, https:\/\/www.jellybim.com\/wp-content\/uploads\/2025\/12\/Capture-de\u0301cran-2025-12-22-a\u0300-14.53.54-1536x689.png 1536w, https:\/\/www.jellybim.com\/wp-content\/uploads\/2025\/12\/Capture-de\u0301cran-2025-12-22-a\u0300-14.53.54.png 1604w\" sizes=\"(max-width: 800px) 100vw, 800px\" \/>\t\t\t\t\t\t\t\t\t\t\t\t\t<\/div>\n\t\t\t\t<\/div>\n\t\t\t\t<\/div>\n\t\t\t\t\t<\/div>\n\t\t\t\t<\/div>\n\t\t<div class=\"elementor-element elementor-element-a009e33 e-flex e-con-boxed wpr-particle-no wpr-jarallax-no wpr-parallax-no wpr-sticky-section-no e-con e-parent\" data-id=\"a009e33\" data-element_type=\"container\">\n\t\t\t\t\t<div class=\"e-con-inner\">\n\t\t\t\t<div class=\"elementor-element elementor-element-47a6ece elementor-widget elementor-widget-spacer\" data-id=\"47a6ece\" data-element_type=\"widget\" data-widget_type=\"spacer.default\">\n\t\t\t\t<div class=\"elementor-widget-container\">\n\t\t\t\t\t<div class=\"elementor-spacer\">\n\t\t\t<div class=\"elementor-spacer-inner\"><\/div>\n\t\t<\/div>\n\t\t\t\t<\/div>\n\t\t\t\t<\/div>\n\t\t\t\t\t<\/div>\n\t\t\t\t<\/div>\n\t\t\t\t<\/div>\n\t\t","protected":false},"excerpt":{"rendered":"<p>BIM GEM &#038; SIP : L&#8217;Intelligence au service de l&#8217;Exploitation Ne laissez pas votre maquette mourir \u00e0 la livraison. Transformez-la en un outil de gestion performant. Le BIM ne s&#8217;arr\u00eate pas \u00e0 la remise des cl\u00e9s. Nous transformons votre Dossier d&#8217;Ouvrage Ex\u00e9cut\u00e9 (DOE) num\u00e9rique en un v\u00e9ritable Syst\u00e8me d\u2019Information du Patrimoine (SIP). Notre objectif : [&hellip;]<\/p>\n","protected":false},"author":1,"featured_media":0,"parent":0,"menu_order":0,"comment_status":"closed","ping_status":"closed","template":"","meta":{"footnotes":""},"class_list":["post-2092","page","type-page","status-publish","hentry"],"_links":{"self":[{"href":"https:\/\/www.jellybim.com\/index.php\/wp-json\/wp\/v2\/pages\/2092","targetHints":{"allow":["GET"]}}],"collection":[{"href":"https:\/\/www.jellybim.com\/index.php\/wp-json\/wp\/v2\/pages"}],"about":[{"href":"https:\/\/www.jellybim.com\/index.php\/wp-json\/wp\/v2\/types\/page"}],"author":[{"embeddable":true,"href":"https:\/\/www.jellybim.com\/index.php\/wp-json\/wp\/v2\/users\/1"}],"replies":[{"embeddable":true,"href":"https:\/\/www.jellybim.com\/index.php\/wp-json\/wp\/v2\/comments?post=2092"}],"version-history":[{"count":37,"href":"https:\/\/www.jellybim.com\/index.php\/wp-json\/wp\/v2\/pages\/2092\/revisions"}],"predecessor-version":[{"id":2591,"href":"https:\/\/www.jellybim.com\/index.php\/wp-json\/wp\/v2\/pages\/2092\/revisions\/2591"}],"wp:attachment":[{"href":"https:\/\/www.jellybim.com\/index.php\/wp-json\/wp\/v2\/media?parent=2092"}],"curies":[{"name":"wp","href":"https:\/\/api.w.org\/{rel}","templated":true}]}}