{"id":1094,"date":"2024-08-27T07:52:09","date_gmt":"2024-08-27T07:52:09","guid":{"rendered":"http:\/\/localhost\/jellybim\/?page_id=1094"},"modified":"2026-02-12T06:42:15","modified_gmt":"2026-02-12T06:42:15","slug":"run-eva","status":"publish","type":"page","link":"https:\/\/www.jellybim.com\/index.php\/run-eva\/","title":{"rendered":"Run Eva"},"content":{"rendered":"\t\t<div data-elementor-type=\"wp-page\" data-elementor-id=\"1094\" class=\"elementor elementor-1094\" data-elementor-post-type=\"page\">\n\t\t\t\t<div class=\"elementor-element elementor-element-c3b15ed e-flex e-con-boxed wpr-particle-no wpr-jarallax-no wpr-parallax-no wpr-sticky-section-no e-con e-parent\" data-id=\"c3b15ed\" data-element_type=\"container\" data-settings=\"{&quot;background_background&quot;:&quot;slideshow&quot;,&quot;background_slideshow_gallery&quot;:[{&quot;id&quot;:2010,&quot;url&quot;:&quot;https:\\\/\\\/www.jellybim.com\\\/wp-content\\\/uploads\\\/2025\\\/12\\\/aa-pole-dechet-sud-reunion-1.jpg&quot;}],&quot;background_slideshow_loop&quot;:&quot;yes&quot;,&quot;background_slideshow_slide_duration&quot;:5000,&quot;background_slideshow_slide_transition&quot;:&quot;fade&quot;,&quot;background_slideshow_transition_duration&quot;:500}\">\n\t\t\t\t\t<div class=\"e-con-inner\">\n\t\t\t\t<div class=\"elementor-element elementor-element-68bf38d elementor-invisible elementor-widget elementor-widget-heading\" data-id=\"68bf38d\" data-element_type=\"widget\" data-settings=\"{&quot;_animation&quot;:&quot;fadeInLeft&quot;}\" data-widget_type=\"heading.default\">\n\t\t\t\t<div class=\"elementor-widget-container\">\n\t\t\t<style>\/*! elementor - v3.23.0 - 05-08-2024 *\/\n.elementor-heading-title{padding:0;margin:0;line-height:1}.elementor-widget-heading .elementor-heading-title[class*=elementor-size-]>a{color:inherit;font-size:inherit;line-height:inherit}.elementor-widget-heading .elementor-heading-title.elementor-size-small{font-size:15px}.elementor-widget-heading .elementor-heading-title.elementor-size-medium{font-size:19px}.elementor-widget-heading .elementor-heading-title.elementor-size-large{font-size:29px}.elementor-widget-heading .elementor-heading-title.elementor-size-xl{font-size:39px}.elementor-widget-heading .elementor-heading-title.elementor-size-xxl{font-size:59px}<\/style><h2 class=\"elementor-heading-title elementor-size-default\">RUN\u2019EVA \u2013 Unit\u00e9 de Valorisation Energ\u00e9tique<\/h2>\t\t<\/div>\n\t\t\t\t<\/div>\n\t\t\t\t<div class=\"elementor-element elementor-element-2b9609f elementor-invisible elementor-widget elementor-widget-text-editor\" data-id=\"2b9609f\" data-element_type=\"widget\" data-settings=\"{&quot;_animation&quot;:&quot;fadeInLeft&quot;}\" data-widget_type=\"text-editor.default\">\n\t\t\t\t<div class=\"elementor-widget-container\">\n\t\t\t<style>\/*! elementor - v3.23.0 - 05-08-2024 *\/\n.elementor-widget-text-editor.elementor-drop-cap-view-stacked .elementor-drop-cap{background-color:#69727d;color:#fff}.elementor-widget-text-editor.elementor-drop-cap-view-framed .elementor-drop-cap{color:#69727d;border:3px solid;background-color:transparent}.elementor-widget-text-editor:not(.elementor-drop-cap-view-default) .elementor-drop-cap{margin-top:8px}.elementor-widget-text-editor:not(.elementor-drop-cap-view-default) .elementor-drop-cap-letter{width:1em;height:1em}.elementor-widget-text-editor .elementor-drop-cap{float:left;text-align:center;line-height:1;font-size:50px}.elementor-widget-text-editor .elementor-drop-cap-letter{display:inline-block}<\/style>\t\t\t\t<p>\u00c9tudes BIM Compl\u00e8tes \u2013 Unit\u00e9 de Valorisation \u00c9nerg\u00e9tique (UVE)<\/p>\t\t\t\t\t\t<\/div>\n\t\t\t\t<\/div>\n\t\t\t\t\t<\/div>\n\t\t\t\t<\/div>\n\t\t<div class=\"elementor-element elementor-element-01dee3f e-con-full e-flex wpr-particle-no wpr-jarallax-no wpr-parallax-no wpr-sticky-section-no e-con e-parent\" data-id=\"01dee3f\" data-element_type=\"container\" data-settings=\"{&quot;background_background&quot;:&quot;classic&quot;}\">\n\t\t<div class=\"elementor-element elementor-element-e6e6f53 e-con-full e-flex wpr-particle-no wpr-jarallax-no wpr-parallax-no wpr-sticky-section-no e-con e-child\" data-id=\"e6e6f53\" data-element_type=\"container\" data-settings=\"{&quot;background_background&quot;:&quot;slideshow&quot;,&quot;background_slideshow_gallery&quot;:[{&quot;id&quot;:2010,&quot;url&quot;:&quot;https:\\\/\\\/www.jellybim.com\\\/wp-content\\\/uploads\\\/2025\\\/12\\\/aa-pole-dechet-sud-reunion-1.jpg&quot;}],&quot;background_slideshow_loop&quot;:&quot;yes&quot;,&quot;background_slideshow_slide_duration&quot;:5000,&quot;background_slideshow_slide_transition&quot;:&quot;fade&quot;,&quot;background_slideshow_transition_duration&quot;:500}\">\n\t\t\t\t<div class=\"elementor-element elementor-element-dc4759e elementor-invisible elementor-widget elementor-widget-text-editor\" data-id=\"dc4759e\" data-element_type=\"widget\" data-settings=\"{&quot;_animation&quot;:&quot;fadeInLeft&quot;}\" data-widget_type=\"text-editor.default\">\n\t\t\t\t<div class=\"elementor-widget-container\">\n\t\t\t\t\t\t\t<p>\u00c9tudes BIM Compl\u00e8tes &#8211; Unit\u00e9 de Valorisation \u00c9nerg\u00e9tique (UVE)<\/p><p>Pour la construction de l&#8217;Unit\u00e9 de Valorisation \u00c9nerg\u00e9tique (UVE), Jelly BIM a men\u00e9 les \u00e9tudes d&#8217;ex\u00e9cution et la mod\u00e9lisation num\u00e9rique des lots CFO, CFA et SSI (Courants Forts, Courants Faibles et Syst\u00e8mes de S\u00e9curit\u00e9 Incendie).<\/p><p>En \u00e9troite collaboration avec le titulaire du lot, SATELEC CERNERGI, notre \u00e9quipe a pris une part active aux r\u00e9unions de synth\u00e8se. Notre expertise a \u00e9t\u00e9 essentielle pour garantir la parfaite coordination des maquettes \u00e9lectriques et de s\u00e9curit\u00e9 avec les autres corps d&#8217;\u00e9tat, contribuant ainsi \u00e0 l&#8217;efficacit\u00e9 globale du projet.<\/p>\t\t\t\t\t\t<\/div>\n\t\t\t\t<\/div>\n\t\t\t\t<\/div>\n\t\t<div class=\"elementor-element elementor-element-0e305ca e-con-full e-flex wpr-particle-no wpr-jarallax-no wpr-parallax-no wpr-sticky-section-no e-con e-child\" data-id=\"0e305ca\" data-element_type=\"container\" data-settings=\"{&quot;background_background&quot;:&quot;classic&quot;}\">\n\t\t\t\t<div class=\"elementor-element elementor-element-ba540a3 elementor-invisible elementor-widget elementor-widget-heading\" data-id=\"ba540a3\" data-element_type=\"widget\" data-settings=\"{&quot;_animation&quot;:&quot;fadeInRight&quot;}\" data-widget_type=\"heading.default\">\n\t\t\t\t<div class=\"elementor-widget-container\">\n\t\t\t<h2 class=\"elementor-heading-title elementor-size-default\">RUN\u2019EVA \u2013 Unit\u00e9 de Valorisation Energ\u00e9tique<\/h2>\t\t<\/div>\n\t\t\t\t<\/div>\n\t\t\t\t<div class=\"elementor-element elementor-element-878c0bc elementor-widget elementor-widget-spacer\" data-id=\"878c0bc\" data-element_type=\"widget\" data-widget_type=\"spacer.default\">\n\t\t\t\t<div class=\"elementor-widget-container\">\n\t\t\t<style>\/*! elementor - v3.23.0 - 05-08-2024 *\/\n.elementor-column .elementor-spacer-inner{height:var(--spacer-size)}.e-con{--container-widget-width:100%}.e-con-inner>.elementor-widget-spacer,.e-con>.elementor-widget-spacer{width:var(--container-widget-width,var(--spacer-size));--align-self:var(--container-widget-align-self,initial);--flex-shrink:0}.e-con-inner>.elementor-widget-spacer>.elementor-widget-container,.e-con>.elementor-widget-spacer>.elementor-widget-container{height:100%;width:100%}.e-con-inner>.elementor-widget-spacer>.elementor-widget-container>.elementor-spacer,.e-con>.elementor-widget-spacer>.elementor-widget-container>.elementor-spacer{height:100%}.e-con-inner>.elementor-widget-spacer>.elementor-widget-container>.elementor-spacer>.elementor-spacer-inner,.e-con>.elementor-widget-spacer>.elementor-widget-container>.elementor-spacer>.elementor-spacer-inner{height:var(--container-widget-height,var(--spacer-size))}.e-con-inner>.elementor-widget-spacer.elementor-widget-empty,.e-con>.elementor-widget-spacer.elementor-widget-empty{position:relative;min-height:22px;min-width:22px}.e-con-inner>.elementor-widget-spacer.elementor-widget-empty .elementor-widget-empty-icon,.e-con>.elementor-widget-spacer.elementor-widget-empty .elementor-widget-empty-icon{position:absolute;top:0;bottom:0;left:0;right:0;margin:auto;padding:0;width:22px;height:22px}<\/style>\t\t<div class=\"elementor-spacer\">\n\t\t\t<div class=\"elementor-spacer-inner\"><\/div>\n\t\t<\/div>\n\t\t\t\t<\/div>\n\t\t\t\t<\/div>\n\t\t\t\t<div class=\"elementor-element elementor-element-f646df0 elementor-invisible elementor-widget elementor-widget-text-editor\" data-id=\"f646df0\" data-element_type=\"widget\" data-settings=\"{&quot;_animation&quot;:&quot;fadeInRight&quot;}\" data-widget_type=\"text-editor.default\">\n\t\t\t\t<div class=\"elementor-widget-container\">\n\t\t\t\t\t\t\tDonneur d\u2019ordre : COREM<br><br>\nMa\u00eetrise d\u2019\u0152uvre : GTOI<br><br>\nBIM Manager : \/<br><br>\nECD : \/<br><br>\nClient final : ILEVA<br><br>\nMission : Mod\u00e9lisation BIM HT\u2013BT-CFO-cfa-SSI<br><br>\nMontant des travaux : 220 M\u20ac \/ ELE 3,6M\u20ac<br><br>\nAnn\u00e9e : 2021\/2024\t\t\t\t\t\t<\/div>\n\t\t\t\t<\/div>\n\t\t\t\t<\/div>\n\t\t\t\t<\/div>\n\t\t\t\t<\/div>\n\t\t","protected":false},"excerpt":{"rendered":"<p>RUN\u2019EVA \u2013 Unit\u00e9 de Valorisation Energ\u00e9tique \u00c9tudes BIM Compl\u00e8tes \u2013 Unit\u00e9 de Valorisation \u00c9nerg\u00e9tique (UVE) \u00c9tudes BIM Compl\u00e8tes &#8211; Unit\u00e9 de Valorisation \u00c9nerg\u00e9tique (UVE) Pour la construction de l&#8217;Unit\u00e9 de Valorisation \u00c9nerg\u00e9tique (UVE), Jelly BIM a men\u00e9 les \u00e9tudes d&#8217;ex\u00e9cution et la mod\u00e9lisation num\u00e9rique des lots CFO, CFA et SSI (Courants Forts, Courants Faibles et [&hellip;]<\/p>\n","protected":false},"author":1,"featured_media":0,"parent":0,"menu_order":0,"comment_status":"closed","ping_status":"closed","template":"","meta":{"footnotes":""},"class_list":["post-1094","page","type-page","status-publish","hentry"],"_links":{"self":[{"href":"https:\/\/www.jellybim.com\/index.php\/wp-json\/wp\/v2\/pages\/1094","targetHints":{"allow":["GET"]}}],"collection":[{"href":"https:\/\/www.jellybim.com\/index.php\/wp-json\/wp\/v2\/pages"}],"about":[{"href":"https:\/\/www.jellybim.com\/index.php\/wp-json\/wp\/v2\/types\/page"}],"author":[{"embeddable":true,"href":"https:\/\/www.jellybim.com\/index.php\/wp-json\/wp\/v2\/users\/1"}],"replies":[{"embeddable":true,"href":"https:\/\/www.jellybim.com\/index.php\/wp-json\/wp\/v2\/comments?post=1094"}],"version-history":[{"count":28,"href":"https:\/\/www.jellybim.com\/index.php\/wp-json\/wp\/v2\/pages\/1094\/revisions"}],"predecessor-version":[{"id":2557,"href":"https:\/\/www.jellybim.com\/index.php\/wp-json\/wp\/v2\/pages\/1094\/revisions\/2557"}],"wp:attachment":[{"href":"https:\/\/www.jellybim.com\/index.php\/wp-json\/wp\/v2\/media?parent=1094"}],"curies":[{"name":"wp","href":"https:\/\/api.w.org\/{rel}","templated":true}]}}